{"id":82,"date":"2024-01-06T22:14:47","date_gmt":"2024-01-06T21:14:47","guid":{"rendered":"http:\/\/vtcvaucluse.com\/?page_id=82"},"modified":"2024-01-06T22:58:48","modified_gmt":"2024-01-06T21:58:48","slug":"voyages-et-actvites-dans-le-vaucluse","status":"publish","type":"page","link":"https:\/\/vtcvaucluse.com\/index.php\/voyages-et-actvites-dans-le-vaucluse\/","title":{"rendered":"BLOG SUR LES VOYAGES ET ACTIVIT\u00c9S EN VAUCLUSE"},"content":{"rendered":"\n<p><\/p>\n\n\n\n<p><strong><a href=\"http:\/\/vtcvaucluse.com\/index.php\/2024\/01\/06\/decouvrez-les-incontournables-de-monteux\/\">1 D\u00e9couvrez les incontournables de Monteux<\/a><\/strong><\/p>\n\n\n\n<p><\/p>\n","protected":false},"excerpt":{"rendered":"<p>1 D\u00e9couvrez les incontournables de Monteux<\/p>\n","protected":false},"author":1,"featured_media":0,"parent":0,"menu_order":0,"comment_status":"closed","ping_status":"closed","template":"","meta":[],"yoast_head":"<!-- This site is optimized with the Yoast SEO plugin v20.1 - https:\/\/yoast.com\/wordpress\/plugins\/seo\/ -->\n<title>Blog sur les Voyages et activit\u00e9s dans le Vaucluses<\/title>\n<meta name=\"description\" content=\"Activit\u00e9 et d\u00e9couverte des diff\u00e9rentes villes dans le Vaucluse, information culturelle et visites de notre beau d\u00e9partement du Vaucluse.\" \/>\n<meta name=\"robots\" content=\"index, follow, max-snippet:-1, max-image-preview:large, max-video-preview:-1\" \/>\n<link rel=\"canonical\" href=\"https:\/\/vtcvaucluse.com\/index.php\/voyages-et-actvites-dans-le-vaucluse\/\" \/>\n<meta property=\"og:locale\" content=\"fr_FR\" \/>\n<meta property=\"og:type\" content=\"article\" \/>\n<meta property=\"og:title\" content=\"Blog sur les Voyages et activit\u00e9s dans le Vaucluses\" \/>\n<meta property=\"og:description\" content=\"Activit\u00e9 et d\u00e9couverte des diff\u00e9rentes villes dans le Vaucluse, information culturelle et visites de notre beau d\u00e9partement du Vaucluse.\" \/>\n<meta property=\"og:url\" content=\"https:\/\/vtcvaucluse.com\/index.php\/voyages-et-actvites-dans-le-vaucluse\/\" \/>\n<meta property=\"og:site_name\" content=\"VTC VAUCLUSE\" \/>\n<meta property=\"article:publisher\" content=\"https:\/\/www.facebook.com\/profile.php?id=100089733722124\" \/>\n<meta property=\"article:modified_time\" content=\"2024-01-06T21:58:48+00:00\" \/>\n<meta name=\"twitter:card\" content=\"summary_large_image\" \/>\n<meta name=\"twitter:label1\" content=\"Dur\u00e9e de lecture estim\u00e9e\" \/>\n\t<meta name=\"twitter:data1\" content=\"1 minute\" \/>\n<script type=\"application\/ld+json\" class=\"yoast-schema-graph\">{\"@context\":\"https:\/\/schema.org\",\"@graph\":[{\"@type\":\"WebPage\",\"@id\":\"https:\/\/vtcvaucluse.com\/index.php\/voyages-et-actvites-dans-le-vaucluse\/\",\"url\":\"https:\/\/vtcvaucluse.com\/index.php\/voyages-et-actvites-dans-le-vaucluse\/\",\"name\":\"Blog sur les Voyages et activit\u00e9s dans le Vaucluses\",\"isPartOf\":{\"@id\":\"https:\/\/vtcvaucluse.com\/#website\"},\"datePublished\":\"2024-01-06T21:14:47+00:00\",\"dateModified\":\"2024-01-06T21:58:48+00:00\",\"description\":\"Activit\u00e9 et d\u00e9couverte des diff\u00e9rentes villes dans le Vaucluse, information culturelle et visites de notre beau d\u00e9partement du Vaucluse.\",\"breadcrumb\":{\"@id\":\"https:\/\/vtcvaucluse.com\/index.php\/voyages-et-actvites-dans-le-vaucluse\/#breadcrumb\"},\"inLanguage\":\"fr-FR\",\"potentialAction\":[{\"@type\":\"ReadAction\",\"target\":[\"https:\/\/vtcvaucluse.com\/index.php\/voyages-et-actvites-dans-le-vaucluse\/\"]}]},{\"@type\":\"BreadcrumbList\",\"@id\":\"https:\/\/vtcvaucluse.com\/index.php\/voyages-et-actvites-dans-le-vaucluse\/#breadcrumb\",\"itemListElement\":[{\"@type\":\"ListItem\",\"position\":1,\"name\":\"Accueil\",\"item\":\"https:\/\/vtcvaucluse.com\/\"},{\"@type\":\"ListItem\",\"position\":2,\"name\":\"BLOG SUR LES VOYAGES ET ACTIVIT\u00c9S EN VAUCLUSE\"}]},{\"@type\":\"WebSite\",\"@id\":\"https:\/\/vtcvaucluse.com\/#website\",\"url\":\"https:\/\/vtcvaucluse.com\/\",\"name\":\"VTC VAUCLUSE - TAXI VAUCLUSE\",\"description\":\"Vtc vaucluse est une entreprise de transport de personne sur Avignon \/ Service taxi sur Avignon\",\"potentialAction\":[{\"@type\":\"SearchAction\",\"target\":{\"@type\":\"EntryPoint\",\"urlTemplate\":\"https:\/\/vtcvaucluse.com\/?s={search_term_string}\"},\"query-input\":\"required name=search_term_string\"}],\"inLanguage\":\"fr-FR\"}]}<\/script>\n<!-- \/ Yoast SEO plugin. -->","yoast_head_json":{"title":"Blog sur les Voyages et activit\u00e9s dans le Vaucluses","description":"Activit\u00e9 et d\u00e9couverte des diff\u00e9rentes villes dans le Vaucluse, information culturelle et visites de notre beau d\u00e9partement du Vaucluse.","robots":{"index":"index","follow":"follow","max-snippet":"max-snippet:-1","max-image-preview":"max-image-preview:large","max-video-preview":"max-video-preview:-1"},"canonical":"https:\/\/vtcvaucluse.com\/index.php\/voyages-et-actvites-dans-le-vaucluse\/","og_locale":"fr_FR","og_type":"article","og_title":"Blog sur les Voyages et activit\u00e9s dans le Vaucluses","og_description":"Activit\u00e9 et d\u00e9couverte des diff\u00e9rentes villes dans le Vaucluse, information culturelle et visites de notre beau d\u00e9partement du Vaucluse.","og_url":"https:\/\/vtcvaucluse.com\/index.php\/voyages-et-actvites-dans-le-vaucluse\/","og_site_name":"VTC VAUCLUSE","article_publisher":"https:\/\/www.facebook.com\/profile.php?id=100089733722124","article_modified_time":"2024-01-06T21:58:48+00:00","twitter_card":"summary_large_image","twitter_misc":{"Dur\u00e9e de lecture estim\u00e9e":"1 minute"},"schema":{"@context":"https:\/\/schema.org","@graph":[{"@type":"WebPage","@id":"https:\/\/vtcvaucluse.com\/index.php\/voyages-et-actvites-dans-le-vaucluse\/","url":"https:\/\/vtcvaucluse.com\/index.php\/voyages-et-actvites-dans-le-vaucluse\/","name":"Blog sur les Voyages et activit\u00e9s dans le Vaucluses","isPartOf":{"@id":"https:\/\/vtcvaucluse.com\/#website"},"datePublished":"2024-01-06T21:14:47+00:00","dateModified":"2024-01-06T21:58:48+00:00","description":"Activit\u00e9 et d\u00e9couverte des diff\u00e9rentes villes dans le Vaucluse, information culturelle et visites de notre beau d\u00e9partement du Vaucluse.","breadcrumb":{"@id":"https:\/\/vtcvaucluse.com\/index.php\/voyages-et-actvites-dans-le-vaucluse\/#breadcrumb"},"inLanguage":"fr-FR","potentialAction":[{"@type":"ReadAction","target":["https:\/\/vtcvaucluse.com\/index.php\/voyages-et-actvites-dans-le-vaucluse\/"]}]},{"@type":"BreadcrumbList","@id":"https:\/\/vtcvaucluse.com\/index.php\/voyages-et-actvites-dans-le-vaucluse\/#breadcrumb","itemListElement":[{"@type":"ListItem","position":1,"name":"Accueil","item":"https:\/\/vtcvaucluse.com\/"},{"@type":"ListItem","position":2,"name":"BLOG SUR LES VOYAGES ET ACTIVIT\u00c9S EN VAUCLUSE"}]},{"@type":"WebSite","@id":"https:\/\/vtcvaucluse.com\/#website","url":"https:\/\/vtcvaucluse.com\/","name":"VTC VAUCLUSE - TAXI VAUCLUSE","description":"Vtc vaucluse est une entreprise de transport de personne sur Avignon \/ Service taxi sur Avignon","potentialAction":[{"@type":"SearchAction","target":{"@type":"EntryPoint","urlTemplate":"https:\/\/vtcvaucluse.com\/?s={search_term_string}"},"query-input":"required name=search_term_string"}],"inLanguage":"fr-FR"}]}},"_links":{"self":[{"href":"https:\/\/vtcvaucluse.com\/index.php\/wp-json\/wp\/v2\/pages\/82"}],"collection":[{"href":"https:\/\/vtcvaucluse.com\/index.php\/wp-json\/wp\/v2\/pages"}],"about":[{"href":"https:\/\/vtcvaucluse.com\/index.php\/wp-json\/wp\/v2\/types\/page"}],"author":[{"embeddable":true,"href":"https:\/\/vtcvaucluse.com\/index.php\/wp-json\/wp\/v2\/users\/1"}],"replies":[{"embeddable":true,"href":"https:\/\/vtcvaucluse.com\/index.php\/wp-json\/wp\/v2\/comments?post=82"}],"version-history":[{"count":5,"href":"https:\/\/vtcvaucluse.com\/index.php\/wp-json\/wp\/v2\/pages\/82\/revisions"}],"predecessor-version":[{"id":100,"href":"https:\/\/vtcvaucluse.com\/index.php\/wp-json\/wp\/v2\/pages\/82\/revisions\/100"}],"wp:attachment":[{"href":"https:\/\/vtcvaucluse.com\/index.php\/wp-json\/wp\/v2\/media?parent=82"}],"curies":[{"name":"wp","href":"https:\/\/api.w.org\/{rel}","templated":true}]}}